{"id":7240,"date":"2025-10-31T13:37:17","date_gmt":"2025-10-31T12:37:17","guid":{"rendered":"https:\/\/beta.polarstar-network.com\/?page_id=7240"},"modified":"2025-10-31T13:42:50","modified_gmt":"2025-10-31T12:42:50","slug":"widerrufsbelehrung","status":"publish","type":"page","link":"https:\/\/polarstar-network.com\/en\/widerrufsbelehrung\/","title":{"rendered":"widerrufsbelehrung"},"content":{"rendered":"<div id=\"fws_69f5a03b0942a\"  data-midnight=\"dark\"  data-bg-mobile-hidden=\"\" class=\"wpb_row vc_row-fluid vc_row standard_section\"  style=\"padding-top: 0px; padding-bottom: 0px; \"><div class=\"row-bg-wrap\" data-bg-animation=\"none\"><div class=\"inner-wrap\"><div class=\"row-bg\"  style=\"\"><\/div><\/div><div class=\"row-bg-overlay\" ><\/div><\/div><div class=\"col span_12 dark left\">\n\t<div  class=\"vc_col-sm-12 wpb_column column_container vc_column_container col no-extra-padding\"  data-t-w-inherits=\"default\" data-border-radius=\"none\" data-shadow=\"none\" data-border-animation=\"\" data-border-animation-delay=\"\" data-border-width=\"none\" data-border-style=\"solid\" data-border-color=\"\" data-bg-cover=\"\" data-padding-pos=\"all\" data-has-bg-color=\"false\" data-bg-color=\"\" data-bg-opacity=\"1\" data-hover-bg=\"\" data-hover-bg-opacity=\"1\" data-animation=\"\" data-delay=\"0\" ><div class=\"column-bg-overlay\"><\/div>\n\t\t<div class=\"vc_column-inner\">\n\t\t\t<div class=\"wpb_wrapper\">\n\t\t\t\t\r\n<div class=\"wpb_text_column wpb_content_element\" >\r\n\t<div class=\"wpb_wrapper\">\r\n\t\t<p>Revocation<br \/>\nWiderrufsrecht<\/p>\n<p>Sie haben das Recht, binnen vierzehn Tagen ohne Angabe von Gr\u00fcnden diesen Vertrag zu widerrufen.<\/p>\n<p>Die Widerrufsfrist betr\u00e4gt vierzehn Tage ab dem Tag des Vertragsabschlusses.<\/p>\n<p>Um Ihr Widerrufsrecht auszu\u00fcben, m\u00fcssen Sie uns (Polarstern Sachwert GmbH &amp; Co. KG, Paderborner Str. 44, D-33154 Salzkotten, Fax 05258 98 030 30, info@polarstern-sachwert.de) mittels einer eindeutigen Erkl\u00e4rung (z.B. ein mit der Post versandter Brief, Telefax oder E-Mail) \u00fcber Ihren Entschluss, diesen Vertrag zu widerrufen, informieren. Sie k\u00f6nnen daf\u00fcr das unten downloadbare Muster-Widerrufsformular verwenden, das jedoch nicht vorgeschrieben ist. Zur Wahrung der Widerrufsfrist reicht es aus, dass Sie die Mitteilung \u00fcber die Aus\u00fcbung des Widerrufsrechts vor Ablauf der Widerrufsfrist absenden.<\/p>\n<p>Folgen des Widerrufs<\/p>\n<p>Wenn Sie diesen Vertrag widerrufen, haben wir Ihnen alle Zahlungen, die wir von Ihnen erhalten haben, einschlie\u00dflich der Lieferkosten (mit Ausnahme der zus\u00e4tzlichen Kosten, die sich daraus ergeben, dass Sie eine andere Art der Lieferung als die von uns angebotene, g\u00fcnstigste Standardlieferung gew\u00e4hlt haben), unverz\u00fcglich und sp\u00e4testens binnen vierzehn Tagen ab dem Tag zur\u00fcckzuzahlen, an dem die Mitteilung \u00fcber Ihren Widerruf dieses Vertrags bei uns eingegangen ist.<\/p>\n<p>F\u00fcr diese R\u00fcckzahlung verwenden wir dasselbe Zahlungsmittel, das Sie bei der urspr\u00fcnglichen Transaktion eingesetzt haben, es sei denn, mit Ihnen wurde ausdr\u00fccklich etwas anderes vereinbart; in keinem Fall werden Ihnen wegen dieser R\u00fcckzahlung Entgelte berechnet.<\/p>\n<p>Haben Sie verlangt, dass die Dienstleistungen w\u00e4hrend der Widerrufsfrist beginnen sollen, so haben Sie uns einen angemessenen Betrag zu zahlen, der dem Anteil der bis zu dem Zeitpunkt, zu dem Sie uns von der Aus\u00fcbung des Widerrufsrechts hinsichtlich dieses Vertrags unterrichten, bereits erbrachten Dienstleistungen im Vergleich zum Gesamtumfang der im Vertrag vorgesehenen Dienstleistungen entspricht.<\/p>\n<p>Klarstellende Erg\u00e4nzung zur gesetzlichen Widerrufsbelehrung<\/p>\n<p>Bitte beachten Sie, dass wir aus operativen Gr\u00fcnden jede Einzahlung auf unsere Sparplankonten als Verlangen zum vertragsgem\u00e4\u00dfen Beginn unserer Dienstleistungen durch sofortige Konvertierung und Gutschrift auf Ihrem Kundenkonto werten m\u00fcssen. Der uns im Falle eines fristgerechten Widerrufs von Ihnen f\u00fcr die bereits begonnene Dienstleistung zu zahlende, angemessene Entsch\u00e4digungsbetrag besteht daher in dem seit der Konvertierung Ihrer Einzahlung bis zum Widerruf ggf. eingetretenen Kursverlust. Weitere Entsch\u00e4digungen verlangen wir nicht. Kursgewinne werden nicht ausbezahlt. Ihr K\u00fcndigungsrecht bleibt unber\u00fchrt.<\/p>\n<p>(2) \u00dcber das Muster-Widerrufsformular bei Fernabsatzvertr\u00e4gen informieren wir nach der gesetzlichen Regelung wie folgt:<\/p>\n<p>Widerrufsformular<br \/>\nhier PDF downloaden<\/p>\n<p><a href=\"https:\/\/polarstar-network.com\/wp-content\/uploads\/2025\/10\/Polarstar-Widerrufsformular-.pdf\" target=\"_blank\" style=\"display:inline-block; background:linear-gradient(90deg,#d4af37,#f7ce68); color:#fff; padding:14px 26px; border-radius:8px; font-family:'Poppins',sans-serif; font-size:16px; text-decoration:none; font-weight:600; transition:all .3s ease;\"><br \/>\n  \ud83d\udcc4 Widerrufsformular herunterladen<br \/>\n<\/a><\/p>\n<p>Muster-Widerrufsformular<\/p>\n<p>(Wenn Sie den Vertrag widerrufen wollen, dann f\u00fcllen Sie bitte dieses Formular aus und senden Sie es zur\u00fcck.)<\/p>\n<p>\u2013 An: Polarstern Sachwert GmbH &amp; Co. KG, Paderborner Str. 44, 33154 Salzkotten, E-Mail: info@polarstern-sachwert.de, Fax: +49 (0)5258 98030-30<br \/>\n\u2013 Hiermit widerrufe(n) ich\/wir (*) den von mir\/uns (*) abgeschlossenen Vertrag \u00fcber den Kauf der folgenden Waren (*) \/ die Erbringung der folgenden Dienstleistung (*)<br \/>\n\u2013 Bestellt am (*) \/erhalten am (*)<br \/>\n\u2013 Name des\/der Verbraucher(s)<br \/>\n\u2013 Anschrift des\/der Verbraucher(s)<br \/>\n\u2013 Unterschrift des\/der Verbraucher(s) (nur bei Mitteilung auf Papier)<br \/>\n\u2013 Datum<br \/>\n_______<br \/>\n(*) Unzutreffendes streichen<\/p>\n<p>Stand 04-2020<\/p>\n\t<\/div>\r\n<\/div>\r\n\r\n\r\n\r\n\n\t\t\t<\/div> \n\t\t<\/div>\n\t<\/div> \n<\/div><\/div>","protected":false},"excerpt":{"rendered":"Widerruf Widerrufsrecht Sie haben das Recht, binnen vierzehn Tagen ohne Angabe von Gr\u00fcnden diesen Vertrag zu widerrufen. Die Widerrufsfrist betr\u00e4gt vierzehn Tage ab dem Tag des Vertragsabschlusses. Um Ihr Widerrufsrecht...","protected":false},"author":1,"featured_media":0,"parent":0,"menu_order":0,"comment_status":"closed","ping_status":"closed","template":"","meta":{"footnotes":""},"class_list":["post-7240","page","type-page","status-publish"],"_links":{"self":[{"href":"https:\/\/polarstar-network.com\/en\/wp-json\/wp\/v2\/pages\/7240","targetHints":{"allow":["GET"]}}],"collection":[{"href":"https:\/\/polarstar-network.com\/en\/wp-json\/wp\/v2\/pages"}],"about":[{"href":"https:\/\/polarstar-network.com\/en\/wp-json\/wp\/v2\/types\/page"}],"author":[{"embeddable":true,"href":"https:\/\/polarstar-network.com\/en\/wp-json\/wp\/v2\/users\/1"}],"replies":[{"embeddable":true,"href":"https:\/\/polarstar-network.com\/en\/wp-json\/wp\/v2\/comments?post=7240"}],"version-history":[{"count":2,"href":"https:\/\/polarstar-network.com\/en\/wp-json\/wp\/v2\/pages\/7240\/revisions"}],"predecessor-version":[{"id":7242,"href":"https:\/\/polarstar-network.com\/en\/wp-json\/wp\/v2\/pages\/7240\/revisions\/7242"}],"wp:attachment":[{"href":"https:\/\/polarstar-network.com\/en\/wp-json\/wp\/v2\/media?parent=7240"}],"curies":[{"name":"wp","href":"https:\/\/api.w.org\/{rel}","templated":true}]}}