{"id":21,"date":"2025-10-11T17:08:29","date_gmt":"2025-10-11T15:08:29","guid":{"rendered":"https:\/\/beta.polarstar-network.com\/?page_id=21"},"modified":"2026-03-13T10:06:37","modified_gmt":"2026-03-13T09:06:37","slug":"downloads","status":"publish","type":"page","link":"https:\/\/polarstar-network.com\/en\/downloads\/","title":{"rendered":"Downloads"},"content":{"rendered":"<div id=\"fws_69f58f64d8021\"  data-midnight=\"dark\" data-top-percent=\"25%\" data-bottom-percent=\"10%\"  data-bg-mobile-hidden=\"\" class=\"wpb_row vc_row-fluid vc_row full-width-section  vc_row-o-equal-height vc_row-flex standard_section\"  style=\"padding-top: calc(100vw * 0.25); padding-bottom: calc(100vw * 0.10); \"><div class=\"row-bg-wrap\" data-bg-animation=\"none\"><div class=\"inner-wrap using-image\"><div class=\"row-bg using-image\"  style=\"background-image: url(https:\/\/polarstar-network.com\/wp-content\/uploads\/2025\/10\/Deine-Chance-auf-ein-anderes-Leben-werde-Affiliate-bei-Polarstar.jpg); background-position: center center; background-repeat: no-repeat; \"><\/div><\/div><div class=\"row-bg-overlay\" ><\/div><\/div><div class=\"col span_12 dark left\">\n\t<div  class=\"vc_col-sm-12 wpb_column column_container vc_column_container col no-extra-padding\"  data-t-w-inherits=\"default\" data-border-radius=\"none\" data-shadow=\"none\" data-border-animation=\"\" data-border-animation-delay=\"\" data-border-width=\"none\" data-border-style=\"solid\" data-border-color=\"\" data-bg-cover=\"\" data-padding-pos=\"all\" data-has-bg-color=\"false\" data-bg-color=\"\" data-bg-opacity=\"1\" data-hover-bg=\"\" data-hover-bg-opacity=\"1\" data-animation=\"\" data-delay=\"0\" ><div class=\"column-bg-overlay\"><\/div>\n\t\t<div class=\"vc_column-inner\">\n\t\t\t<div class=\"wpb_wrapper\">\n\t\t\t\t\n\t\t\t<\/div> \n\t\t<\/div>\n\t<\/div> \n<\/div><\/div>\n\t\t<div id=\"fws_69f58f64d936c\"  data-midnight=\"dark\"  data-bg-mobile-hidden=\"\" class=\"wpb_row vc_row-fluid vc_row standard_section\"  style=\"padding-top: 0px; padding-bottom: 0px; \"><div class=\"row-bg-wrap\" data-bg-animation=\"none\"><div class=\"inner-wrap\"><div class=\"row-bg\"  style=\"\"><\/div><\/div><div class=\"row-bg-overlay\" ><\/div><\/div><div class=\"col span_12 dark left\">\n\t<div  class=\"vc_col-sm-12 wpb_column column_container vc_column_container col no-extra-padding\"  data-t-w-inherits=\"default\" data-border-radius=\"none\" data-shadow=\"none\" data-border-animation=\"\" data-border-animation-delay=\"\" data-border-width=\"none\" data-border-style=\"solid\" data-border-color=\"\" data-bg-cover=\"\" data-padding-pos=\"all\" data-has-bg-color=\"false\" data-bg-color=\"\" data-bg-opacity=\"1\" data-hover-bg=\"\" data-hover-bg-opacity=\"1\" data-animation=\"\" data-delay=\"0\" ><div class=\"column-bg-overlay\"><\/div>\n\t\t<div class=\"vc_column-inner\">\n\t\t\t<div class=\"wpb_wrapper\">\n\t\t\t\t\r\n<div class=\"wpb_text_column wpb_content_element\" >\r\n\t<div class=\"wpb_wrapper\">\r\n\t\t<div style=\"text-align: center; font-family: 'Poppins',sans-serif; color: #0d2240; padding: 80px 20px 40px 20px;\">\n<h2 style=\"font-size: 40px; font-weight: bold; letter-spacing: 0.3px; margin-bottom: 14px; color: #0d2240;\">\ud83d\udcc2 Downloads &amp; Informationen<\/h2>\n<div style=\"width: 80px; height: 4px; background: linear-gradient(90deg,#c5a25a,#e6cf85,#c5a25a); margin: 0 auto 18px auto; border-radius: 2px;\"><\/div>\n<p style=\"font-size: 18px; color: #444; line-height: 1.6; max-width: 680px; margin: 0 auto;\">Hier finden Sie alle wichtigen Dokumente, Formulare und Informationsmaterialien rund um Polarstern Sachwert.<br \/>\nLaden Sie aktuelle Brosch\u00fcren, Serviceunterlagen und Produktdetails bequem als PDF herunter.<\/p>\n<\/div>\n\t<\/div>\r\n<\/div>\r\n\r\n\r\n\r\n<div id=\"fws_69f58f64db5cc\" data-midnight=\"\" data-column-margin=\"default\" data-bg-mobile-hidden=\"\" class=\"wpb_row vc_row-fluid vc_row inner_row standard_section\"  style=\"padding-top: 0px; padding-bottom: 0px; \"><div class=\"row-bg-wrap\"> <div class=\"row-bg\"  style=\"\"><\/div> <\/div><div class=\"col span_12  left\">\n\t<div  class=\"vc_col-sm-12 wpb_column column_container vc_column_container col no-extra-padding\"   data-t-w-inherits=\"default\" data-shadow=\"none\" data-border-radius=\"none\" data-border-animation=\"\" data-border-animation-delay=\"\" data-border-width=\"none\" data-border-style=\"solid\" data-border-color=\"\" data-bg-cover=\"\" data-padding-pos=\"all\" data-has-bg-color=\"false\" data-bg-color=\"\" data-bg-opacity=\"1\" data-hover-bg=\"\" data-hover-bg-opacity=\"1\" data-animation=\"\" data-delay=\"0\"><div class=\"column-bg-overlay\"><\/div>\n\t\t<div class=\"vc_column-inner\">\n\t\t<div class=\"wpb_wrapper\">\n\t\t\t\r\n<div class=\"wpb_text_column wpb_content_element\" >\r\n\t<div class=\"wpb_wrapper\">\r\n\t\t<div style=\"font-family: 'Poppins',sans-serif; color: #0d2240; margin-top: 40px; display: flex; align-items: center; gap: 12px;\"><!-- Goldener Strich links --><\/p>\n<div style=\"width: 6px; height: 32px; background: linear-gradient(180deg,#c5a25a,#e6cf85,#c5a25a); border-radius: 3px;\"><\/div>\n<p><!-- \u00dcberschrift --><\/p>\n<h3 style=\"font-size: 26px; font-weight: 600; margin: 0; letter-spacing: 0.3px;\">Kundeninformationen<\/h3>\n<\/div>\n\t<\/div>\r\n<\/div>\r\n\r\n\r\n\r\n\n\t\t<\/div> \n\t<\/div>\n\t<\/div> \n<\/div><\/div>\n\t\t\t<\/div> \n\t\t<\/div>\n\t<\/div> \n<\/div><\/div>\n\t\t<div id=\"fws_69f58f64dca17\"  data-midnight=\"dark\"  data-bg-mobile-hidden=\"\" class=\"wpb_row vc_row-fluid vc_row standard_section\"  style=\"padding-top: 0px; padding-bottom: 0px; \"><div class=\"row-bg-wrap\" data-bg-animation=\"none\"><div class=\"inner-wrap\"><div class=\"row-bg\"  style=\"\"><\/div><\/div><div class=\"row-bg-overlay\" ><\/div><\/div><div class=\"col span_12 dark left\">\n\t<div style=\"border: 1px solid #d6d6d6\" class=\"vc_col-sm-4 wpb_column column_container vc_column_container col centered-text padding-4-percent\" data-using-bg=\"true\" data-t-w-inherits=\"default\" data-border-radius=\"20px\" data-shadow=\"small_depth\" data-border-animation=\"\" data-border-animation-delay=\"\" data-border-width=\"1px\" data-border-style=\"\" data-border-color=\"#d6d6d6\" data-bg-cover=\"\" data-padding-pos=\"all\" data-has-bg-color=\"true\" data-bg-color=\"#ffffff\" data-bg-opacity=\"1\" data-hover-bg=\"\" data-hover-bg-opacity=\"1\" data-animation=\"\" data-delay=\"0\" ><div class=\"column-bg-overlay\" style=\"opacity: 1; background-color: #ffffff;\"><\/div>\n\t\t<div class=\"vc_column-inner\">\n\t\t\t<div class=\"wpb_wrapper\">\n\t\t\t\t<h3 style=\"text-align: center;font-family:Inder;font-weight:400;font-style:normal\" class=\"vc_custom_heading\" >Infoblatt<\/h3><p style=\"color: #878787;text-align: left\" class=\"vc_custom_heading vc_custom_1761151655692\" >In diesem Bereich stellen wir Ihnen in einem PDF-Formular alle relevanten Informationen rund um Polarstern bereit.<\/p><a class=\"nectar-button large regular m-extra-color-gradient-1 has-icon\"  style=\"margin-top: 50px; background-color: #ff1654;\" target=\"_blank\" href=\"https:\/\/polarstar-network.com\/wp-content\/uploads\/2025\/10\/PolarStar-Kundeninfo.pdf\" data-color-override=\"#ff1654\" data-hover-color-override=\"false\" data-hover-text-color-override=\"#fff\"><span>Download<\/span><i  class=\"iconsmind-Triangle-ArrowRight\"><\/i><\/a>\n\t\t\t<\/div> \n\t\t<\/div>\n\t<\/div> \n\n\t<div style=\"border: 1px solid #d6d6d6\" class=\"vc_col-sm-4 wpb_column column_container vc_column_container col centered-text padding-4-percent\" data-using-bg=\"true\" data-t-w-inherits=\"default\" data-border-radius=\"20px\" data-shadow=\"small_depth\" data-border-animation=\"\" data-border-animation-delay=\"\" data-border-width=\"1px\" data-border-style=\"\" data-border-color=\"#d6d6d6\" data-bg-cover=\"\" data-padding-pos=\"all\" data-has-bg-color=\"true\" data-bg-color=\"#ffffff\" data-bg-opacity=\"1\" data-hover-bg=\"\" data-hover-bg-opacity=\"1\" data-animation=\"\" data-delay=\"0\" ><div class=\"column-bg-overlay\" style=\"opacity: 1; background-color: #ffffff;\"><\/div>\n\t\t<div class=\"vc_column-inner\">\n\t\t\t<div class=\"wpb_wrapper\">\n\t\t\t\t<h3 style=\"text-align: center;font-family:Inder;font-weight:400;font-style:normal\" class=\"vc_custom_heading\" >Preisblatt<\/h3><p style=\"color: #878787;text-align: left\" class=\"vc_custom_heading vc_custom_1761151688927\" >In diesem Bereich erhalten Sie eine stets aktuelle Preisliste sowie alle wichtigen Informationen zu Polarstern auf einen Blick.<\/p><a class=\"nectar-button large regular m-extra-color-gradient-1 has-icon\"  style=\"margin-top: 50px; background-color: #ff1654;\"  href=\"https:\/\/polarstar-network.com\/wp-content\/uploads\/2026\/03\/Preis_und_Leistungsverzeichnis_Polarstern_Sachwert-3.pdf\" data-color-override=\"#ff1654\" data-hover-color-override=\"false\" data-hover-text-color-override=\"#fff\"><span>Download<\/span><i  class=\"iconsmind-Triangle-ArrowRight\"><\/i><\/a>\n\t\t\t<\/div> \n\t\t<\/div>\n\t<\/div> \n<\/div><\/div>\n\t\t<div id=\"fws_69f58f64e163f\"  data-midnight=\"dark\"  data-bg-mobile-hidden=\"\" class=\"wpb_row vc_row-fluid vc_row standard_section\"  style=\"padding-top: 0px; padding-bottom: 0px; \"><div class=\"row-bg-wrap\" data-bg-animation=\"none\"><div class=\"inner-wrap\"><div class=\"row-bg\"  style=\"\"><\/div><\/div><div class=\"row-bg-overlay\" ><\/div><\/div><div class=\"col span_12 dark left\">\n\t<div  class=\"vc_col-sm-12 wpb_column column_container vc_column_container col no-extra-padding\"  data-t-w-inherits=\"default\" data-border-radius=\"none\" data-shadow=\"none\" data-border-animation=\"\" data-border-animation-delay=\"\" data-border-width=\"none\" data-border-style=\"solid\" data-border-color=\"\" data-bg-cover=\"\" data-padding-pos=\"all\" data-has-bg-color=\"false\" data-bg-color=\"\" data-bg-opacity=\"1\" data-hover-bg=\"\" data-hover-bg-opacity=\"1\" data-animation=\"\" data-delay=\"0\" ><div class=\"column-bg-overlay\"><\/div>\n\t\t<div class=\"vc_column-inner\">\n\t\t\t<div class=\"wpb_wrapper\">\n\t\t\t\t\r\n<div class=\"wpb_text_column wpb_content_element\" >\r\n\t<div class=\"wpb_wrapper\">\r\n\t\t<div style=\"font-family: 'Poppins',sans-serif; color: #0d2240; margin-top: 80px; display: flex; align-items: center; gap: 12px;\">\n<!-- Goldener Strich links --><\/p>\n<div style=\"width: 6px; height: 32px; background: linear-gradient(180deg,#c5a25a,#e6cf85,#c5a25a); border-radius: 3px;\"><\/div>\n<p><!-- \u00dcberschrift --><\/p>\n<h3 style=\"font-size: 26px; font-weight: 600; margin: 0; letter-spacing: 0.3px;\">N\u00fctzliches<\/h3>\n<\/div>\n\t<\/div>\r\n<\/div>\r\n\r\n\r\n\r\n\n\t\t\t<\/div> \n\t\t<\/div>\n\t<\/div> \n<\/div><\/div>\n\t\t<div id=\"fws_69f58f64e1d23\"  data-midnight=\"dark\"  data-bg-mobile-hidden=\"\" class=\"wpb_row vc_row-fluid vc_row standard_section\"  style=\"padding-top: 0px; padding-bottom: 0px; \"><div class=\"row-bg-wrap\" data-bg-animation=\"none\"><div class=\"inner-wrap\"><div class=\"row-bg\"  style=\"\"><\/div><\/div><div class=\"row-bg-overlay\" ><\/div><\/div><div class=\"col span_12 dark left\">\n\t<div style=\"border: 1px solid #d6d6d6\" class=\"vc_col-sm-4 wpb_column column_container vc_column_container col centered-text padding-4-percent\" data-using-bg=\"true\" data-t-w-inherits=\"default\" data-border-radius=\"20px\" data-shadow=\"small_depth\" data-border-animation=\"\" data-border-animation-delay=\"\" data-border-width=\"1px\" data-border-style=\"\" data-border-color=\"#d6d6d6\" data-bg-cover=\"\" data-padding-pos=\"all\" data-has-bg-color=\"true\" data-bg-color=\"#ffffff\" data-bg-opacity=\"1\" data-hover-bg=\"\" data-hover-bg-opacity=\"1\" data-animation=\"\" data-delay=\"0\" ><div class=\"column-bg-overlay\" style=\"opacity: 1; background-color: #ffffff;\"><\/div>\n\t\t<div class=\"vc_column-inner\">\n\t\t\t<div class=\"wpb_wrapper\">\n\t\t\t\t<h3 style=\"text-align: center;font-family:Inder;font-weight:400;font-style:normal\" class=\"vc_custom_heading\" >Dauerauftrag<\/h3><p style=\"color: #878787;text-align: left\" class=\"vc_custom_heading vc_custom_1761150874273\" >In diesem Bereich stellen wir Ihnen das Dauerauftragsformular als PDF bereit \u2013 so k\u00f6nnen Sie alle relevanten Angaben schnell und einfach erfassen.<\/p><a class=\"nectar-button large regular m-extra-color-gradient-1 has-icon\"  style=\"margin-top: 50px; background-color: #ff1654;\"  href=\"https:\/\/polarstar-network.com\/wp-content\/uploads\/2025\/10\/Dauerauftragsformular.pdf\" data-color-override=\"#ff1654\" data-hover-color-override=\"false\" data-hover-text-color-override=\"#fff\"><span>Download<\/span><i  class=\"iconsmind-Triangle-ArrowRight\"><\/i><\/a>\n\t\t\t<\/div> \n\t\t<\/div>\n\t<\/div> \n\n\t<div style=\"border: 1px solid #d6d6d6\" class=\"vc_col-sm-4 wpb_column column_container vc_column_container col centered-text padding-4-percent\" data-using-bg=\"true\" data-t-w-inherits=\"default\" data-border-radius=\"20px\" data-shadow=\"small_depth\" data-border-animation=\"\" data-border-animation-delay=\"\" data-border-width=\"1px\" data-border-style=\"\" data-border-color=\"#d6d6d6\" data-bg-cover=\"\" data-padding-pos=\"all\" data-has-bg-color=\"true\" data-bg-color=\"#ffffff\" data-bg-opacity=\"1\" data-hover-bg=\"\" data-hover-bg-opacity=\"1\" data-animation=\"\" data-delay=\"0\" ><div class=\"column-bg-overlay\" style=\"opacity: 1; background-color: #ffffff;\"><\/div>\n\t\t<div class=\"vc_column-inner\">\n\t\t\t<div class=\"wpb_wrapper\">\n\t\t\t\t<h3 style=\"text-align: center;font-family:Inder;font-weight:400;font-style:normal\" class=\"vc_custom_heading\" >Personalbogen<\/h3><p style=\"color: #878787;text-align: left\" class=\"vc_custom_heading vc_custom_1761150807241\" >In diesem Bereich stellen wir Ihnen den Personalbogen als PDF bereit \u2013 so k\u00f6nnen Sie alle relevanten Angaben schnell und einfach erfassen.<\/p><a class=\"nectar-button large regular m-extra-color-gradient-1 has-icon\"  style=\"margin-top: 50px; background-color: #ff1654;\"  href=\"https:\/\/polarstar-network.com\/wp-content\/uploads\/2025\/10\/Personalbogen-Polarstern-Sachwert.pdf\" data-color-override=\"#ff1654\" data-hover-color-override=\"false\" data-hover-text-color-override=\"#fff\"><span>Download<\/span><i  class=\"iconsmind-Triangle-ArrowRight\"><\/i><\/a>\n\t\t\t<\/div> \n\t\t<\/div>\n\t<\/div> \n\n\t<div style=\"border: 1px solid #d6d6d6\" class=\"vc_col-sm-4 wpb_column column_container vc_column_container col centered-text padding-4-percent\" data-using-bg=\"true\" data-t-w-inherits=\"default\" data-border-radius=\"20px\" data-shadow=\"medium_depth\" data-border-animation=\"\" data-border-animation-delay=\"\" data-border-width=\"1px\" data-border-style=\"\" data-border-color=\"#d6d6d6\" data-bg-cover=\"\" data-padding-pos=\"all\" data-has-bg-color=\"true\" data-bg-color=\"#ffffff\" data-bg-opacity=\"1\" data-hover-bg=\"\" data-hover-bg-opacity=\"1\" data-animation=\"\" data-delay=\"0\" ><div class=\"column-bg-overlay\" style=\"opacity: 1; background-color: #ffffff;\"><\/div>\n\t\t<div class=\"vc_column-inner\">\n\t\t\t<div class=\"wpb_wrapper\">\n\t\t\t\t<h3 style=\"text-align: center;font-family:Inder;font-weight:400;font-style:normal\" class=\"vc_custom_heading\" >Sonderzahlungen<\/h3><p style=\"color: #878787;text-align: left\" class=\"vc_custom_heading vc_custom_1771012395001\" >Hier finden Sie das Formular f\u00fcr Sonderzahlungen \u2013 zur flexiblen Erweiterung Ihres Edelmetalldepots und zum gezielten Verm\u00f6gensaufbau.<\/p><a class=\"nectar-button large regular m-extra-color-gradient-1 has-icon\"  style=\"margin-top: 50px; \"  href=\"https:\/\/polarstar-network.com\/wp-content\/uploads\/2026\/02\/Sonderzahlungen-Polarstar-Network.pdf\" data-color-override=\"false\" data-hover-color-override=\"false\" data-hover-text-color-override=\"#fff\"><span>Download<\/span><i  class=\"iconsmind-Triangle-ArrowRight\"><\/i><\/a>\n\t\t\t<\/div> \n\t\t<\/div>\n\t<\/div> \n<\/div><\/div>\n\t\t<div id=\"fws_69f58f64e3960\"  data-midnight=\"dark\"  data-bg-mobile-hidden=\"\" class=\"wpb_row vc_row-fluid vc_row standard_section\"  style=\"padding-top: 0px; padding-bottom: 0px; \"><div class=\"row-bg-wrap\" data-bg-animation=\"none\"><div class=\"inner-wrap\"><div class=\"row-bg\"  style=\"\"><\/div><\/div><div class=\"row-bg-overlay\" ><\/div><\/div><div class=\"col span_12 dark left\">\n\t<div  class=\"vc_col-sm-12 wpb_column column_container vc_column_container col no-extra-padding\"  data-t-w-inherits=\"default\" data-border-radius=\"none\" data-shadow=\"none\" data-border-animation=\"\" data-border-animation-delay=\"\" data-border-width=\"none\" data-border-style=\"solid\" data-border-color=\"\" data-bg-cover=\"\" data-padding-pos=\"all\" data-has-bg-color=\"false\" data-bg-color=\"\" data-bg-opacity=\"1\" data-hover-bg=\"\" data-hover-bg-opacity=\"1\" data-animation=\"\" data-delay=\"0\" ><div class=\"column-bg-overlay\"><\/div>\n\t\t<div class=\"vc_column-inner\">\n\t\t\t<div class=\"wpb_wrapper\">\n\t\t\t\t\r\n<div class=\"wpb_text_column wpb_content_element\" >\r\n\t<div class=\"wpb_wrapper\">\r\n\t\t<div style=\"font-family: 'Poppins',sans-serif; color: #0d2240; margin-top: 80px; display: flex; align-items: center; gap: 12px;\">\n<!-- Goldener Strich links --><\/p>\n<div style=\"width: 6px; height: 32px; background: linear-gradient(180deg,#c5a25a,#e6cf85,#c5a25a); border-radius: 3px;\"><\/div>\n<p><!-- \u00dcberschrift --><\/p>\n<h3 style=\"font-size: 26px; font-weight: 600; margin: 0; letter-spacing: 0.3px;\">Revocation<\/h3>\n<\/div>\n\t<\/div>\r\n<\/div>\r\n\r\n\r\n\r\n\n\t\t\t<\/div> \n\t\t<\/div>\n\t<\/div> \n<\/div><\/div>\n\t\t<div id=\"fws_69f58f64e4041\"  data-midnight=\"dark\"  data-bg-mobile-hidden=\"\" class=\"wpb_row vc_row-fluid vc_row standard_section\"  style=\"padding-top: 0px; padding-bottom: 0px; \"><div class=\"row-bg-wrap\" data-bg-animation=\"none\"><div class=\"inner-wrap\"><div class=\"row-bg\"  style=\"\"><\/div><\/div><div class=\"row-bg-overlay\" ><\/div><\/div><div class=\"col span_12 dark left\">\n\t<div style=\"border: 1px solid #d6d6d6\" class=\"vc_col-sm-4 wpb_column column_container vc_column_container col centered-text padding-4-percent\" data-using-bg=\"true\" data-t-w-inherits=\"default\" data-border-radius=\"20px\" data-shadow=\"small_depth\" data-border-animation=\"\" data-border-animation-delay=\"\" data-border-width=\"1px\" data-border-style=\"\" data-border-color=\"#d6d6d6\" data-bg-cover=\"\" data-padding-pos=\"all\" data-has-bg-color=\"true\" data-bg-color=\"#ffffff\" data-bg-opacity=\"1\" data-hover-bg=\"\" data-hover-bg-opacity=\"1\" data-animation=\"\" data-delay=\"0\" ><div class=\"column-bg-overlay\" style=\"opacity: 1; background-color: #ffffff;\"><\/div>\n\t\t<div class=\"vc_column-inner\">\n\t\t\t<div class=\"wpb_wrapper\">\n\t\t\t\t<h3 style=\"text-align: center;font-family:Inder;font-weight:400;font-style:normal\" class=\"vc_custom_heading\" >Widerrufsformular<\/h3><p style=\"color: #878787;text-align: left\" class=\"vc_custom_heading vc_custom_1761151100298\" >In diesem Bereich stellen wir Ihnen das Widerrufsformular als PDF bereit \u2013 so k\u00f6nnen Sie Ihren R\u00fccktritt schnell und unkompliziert erkl\u00e4ren.<\/p><a class=\"nectar-button large regular m-extra-color-gradient-1 has-icon\"  style=\"margin-top: 50px; background-color: #ff1654;\" target=\"_blank\" href=\"https:\/\/polarstar-network.com\/wp-content\/uploads\/2025\/10\/Polarstar-Widerrufsformular-.pdf\" data-color-override=\"#ff1654\" data-hover-color-override=\"false\" data-hover-text-color-override=\"#fff\"><span>Download<\/span><i  class=\"iconsmind-Triangle-ArrowRight\"><\/i><\/a>\n\t\t\t<\/div> \n\t\t<\/div>\n\t<\/div> \n<\/div><\/div>","protected":false},"excerpt":{"rendered":"\ud83d\udcc2 Downloads &amp; Informationen Hier finden Sie alle wichtigen Dokumente, Formulare und Informationsmaterialien rund um Polarstern Sachwert. Laden Sie aktuelle Brosch\u00fcren, Serviceunterlagen und Produktdetails bequem als PDF herunter. Kundeninformationen InfoblattIn...","protected":false},"author":1,"featured_media":0,"parent":0,"menu_order":0,"comment_status":"closed","ping_status":"closed","template":"","meta":{"footnotes":""},"class_list":["post-21","page","type-page","status-publish"],"_links":{"self":[{"href":"https:\/\/polarstar-network.com\/en\/wp-json\/wp\/v2\/pages\/21","targetHints":{"allow":["GET"]}}],"collection":[{"href":"https:\/\/polarstar-network.com\/en\/wp-json\/wp\/v2\/pages"}],"about":[{"href":"https:\/\/polarstar-network.com\/en\/wp-json\/wp\/v2\/types\/page"}],"author":[{"embeddable":true,"href":"https:\/\/polarstar-network.com\/en\/wp-json\/wp\/v2\/users\/1"}],"replies":[{"embeddable":true,"href":"https:\/\/polarstar-network.com\/en\/wp-json\/wp\/v2\/comments?post=21"}],"version-history":[{"count":7,"href":"https:\/\/polarstar-network.com\/en\/wp-json\/wp\/v2\/pages\/21\/revisions"}],"predecessor-version":[{"id":7782,"href":"https:\/\/polarstar-network.com\/en\/wp-json\/wp\/v2\/pages\/21\/revisions\/7782"}],"wp:attachment":[{"href":"https:\/\/polarstar-network.com\/en\/wp-json\/wp\/v2\/media?parent=21"}],"curies":[{"name":"wp","href":"https:\/\/api.w.org\/{rel}","templated":true}]}}